{"id":1411,"date":"2021-09-13T12:29:19","date_gmt":"2021-09-13T12:29:19","guid":{"rendered":"https:\/\/env1.canadascasinos.com\/?page_id=1411"},"modified":"2023-10-22T21:07:12","modified_gmt":"2023-10-22T21:07:12","slug":"tours-gratuits","status":"publish","type":"page","link":"\/fr\/tours-gratuits\/","title":{"rendered":"Tours gratuits"},"content":{"rendered":"<h2>Pourquoi nous conseillons les tours gratuits<\/h2>\n<p>Si vous vous demandez pourquoi les exigences de mise figurent si r\u00e9guli\u00e8rement dans les offres promotionnelles, l\u2019explication est simple. Les casinos virtuels promeuvent les tours gratuits comme moyen d\u2019attirer de nouveaux clients et de maintenir la loyaut\u00e9 des clients existants.<\/p>\n<p>Les avantages de profiter des tours gratuits sur les casinos virtuels sont tr\u00e8s nombreux. Lisez la suite pour d\u00e9couvrir quelques astuces sur les choses \u00e0 remarquer.<\/p>\n<h2>R\u00e9compense sans risque et sans effort<\/h2>\n<p>Comme le nom l\u2019indique, les tours gratuits ne co\u00fbtent rien! En termes simples, il s\u2019agit d\u2019un pari gratuit sur une machine \u00e0 sous. Cela fonctionne exactement comme si vous misiez avec votre propre argent; si vous avez de la chance et que vous finissez par gagner, les gains sont pay\u00e9s en argent r\u00e9el. Vous pouvez vous servir des tours gratuits pour vous habituer \u00e0 un site ou pour faire de la pratique sans devoir payer un sou. Si vous finissez par perdre ou par ne pas appr\u00e9cier votre exp\u00e9rience du jeu, vous n\u2019aurez en effet perdu que quelques minutes de votre temps. Sur certains sites, les tours gratuits sont offerts comme partie d\u2019un bonus sans d\u00e9p\u00f4t, ce qui signifie encore moins de chances de perdre.<\/p>\n<h2>Processus simple<\/h2>\n<p>D\u2019habitude, les casinos virtuels proposent des tours gratuits comme partie d\u2019une offre de bienvenue pour les nouveaux clients. Le processus pour commencer \u00e0 en profiter est tr\u00e8s simple; pour acc\u00e9der \u00e0 l\u2019offre et commencer \u00e0 jouer, il ne vous suffit que de cr\u00e9er votre compte et faire un d\u00e9p\u00f4t. Certains casinos (dits les \u00ab casinos sans d\u00e9p\u00f4t \u00bb) vous offriront des tours gratuits sans besoin de d\u00e9poser de l\u2019argent. C\u2019est aussi simple que cela! Au d\u00e9but du jeu, l\u2019affichage du jeu indiquera que vous \u00eates en train de profiter des tours gratuits. Pour plus de s\u00e9curit\u00e9, contr\u00f4lez bien le pari et assurez-vous que votre solde ne diminue pas apr\u00e8s le premier tour.<\/p>\n<h2>Amusement inattendu<\/h2>\n<p>Pendant le jeu, certaines machines \u00e0 sous vous offriront des tours gratuits cadeaux pendant des parties bonus. Il y aura aussi peut-\u00eatre des avantages suppl\u00e9mentaires, comme un effet multiplicateur de 3x sur chaque tour gratuit. En plus de cela, plein de ces bonus peuvent se r\u00e9activer, vous faisant gagner encore plus de tours gratuits. Avec un peu de chance, cela vous aidera \u00e0 rester alerte et motiv\u00e9 en profitant de l\u2019occasion de remporter le prix maximum!<\/p>\n<h2>Exigences de mise<\/h2>\n<p>Les casinos n\u2019aiment pas donner gratuitement de l\u2019argent; c\u2019est pour cela que les tours gratuits s\u2019accompagnent souvent d\u2019une exigence de mise. Par exemple, si une \u00ab exigence de mise de 20x \u00bb est list\u00e9e parmi les conditions g\u00e9n\u00e9rales du site, il faudra miser le montant bonus encore 20 fois avant de pouvoir retirer tout prix \u00e9ventuel. Nous citons l\u2019exigence de mise de chaque promotion dans tous nos avis, mais si vous souhaitez en d\u00e9couvrir plus, encore plus d\u2019informations seront toujours disponibles dans les conditions g\u00e9n\u00e9rales du casino.<\/p>\n<h2>Limites de gain<\/h2>\n<p>Pour maintenir le bord de maison, les casinos imposent une limite sur la valeur des tours gratuits et sur les gains \u00e9ventuels. Ces chiffres sont souvent indiqu\u00e9s comme montant sp\u00e9cifique, comme par exemple 300 $. Les gains qui d\u00e9passent ce total sont nuls et non avenus et retournent au site. Cependant, il ne faut pas s\u2019en inqui\u00e9ter : il est rare de gagner des sommes d\u2019argent si \u00e9lev\u00e9es avec des tours gratuits.<\/p>\n","protected":false},"excerpt":{"rendered":"<p>Pourquoi nous conseillons les tours gratuits Si vous vous demandez pourquoi les exigences de mise figurent si r\u00e9guli\u00e8rement dans les offres promotionnelles, l\u2019explication est simple. Les casinos virtuels promeuvent les tours gratuits comme moyen d\u2019attirer de nouveaux clients et de maintenir la loyaut\u00e9 des clients existants. Les avantages de profiter des tours gratuits sur les [&hellip;]<\/p>\n","protected":false},"author":10,"featured_media":0,"parent":0,"menu_order":0,"comment_status":"closed","ping_status":"closed","template":"page-category.php","meta":{"inline_featured_image":false,"footnotes":""},"post_mailing_queue_ids":[],"_links":{"self":[{"href":"\/fr\/wp-json\/wp\/v2\/pages\/1411"}],"collection":[{"href":"\/fr\/wp-json\/wp\/v2\/pages"}],"about":[{"href":"\/fr\/wp-json\/wp\/v2\/types\/page"}],"author":[{"embeddable":true,"href":"\/fr\/wp-json\/wp\/v2\/users\/10"}],"replies":[{"embeddable":true,"href":"\/fr\/wp-json\/wp\/v2\/comments?post=1411"}],"version-history":[{"count":0,"href":"\/fr\/wp-json\/wp\/v2\/pages\/1411\/revisions"}],"wp:attachment":[{"href":"\/fr\/wp-json\/wp\/v2\/media?parent=1411"}],"curies":[{"name":"wp","href":"https:\/\/api.w.org\/{rel}","templated":true}]}}