{"id":1278,"date":"2021-09-06T06:12:00","date_gmt":"2021-09-06T06:12:00","guid":{"rendered":"https:\/\/env1.canadascasinos.com\/?page_id=1278"},"modified":"2023-11-22T09:15:44","modified_gmt":"2023-11-22T09:15:44","slug":"sites-de-casino-paypal","status":"publish","type":"page","link":"\/fr\/sites-de-casino-paypal\/","title":{"rendered":"Sites de casino PayPal"},"content":{"rendered":"\r\n<h3 class=\"wp-block-heading\">Efficace et convenable<\/h3>\r\n\r\n\r\n\r\n<p>C\u2019est la simplicit\u00e9 de PayPal qui attire ses clients. C\u2019est l\u2019une des options de paiement les plus faciles et rapides \u00e0 installer. En effet, c\u2019est comme un raccourci pour payer avec une carte de cr\u00e9dit ou de d\u00e9bit! En autorisant vos paiements par PayPal, vous \u00e9vitez de fournir vos d\u00e9tails bancaires, ce qui le rend une solution id\u00e9ale pour gagner du temps et minimiser l\u2019effort. Si un casino accepte des d\u00e9p\u00f4ts par PayPal, il ne vous suffit que de vous connecter en saisissant votre adresse mail et votre mot de passe pour effectuer une transaction. Cet aspect simple est extr\u00eamement utile si vous aimez jouer sur votre t\u00e9l\u00e9phone hors de la maison.<\/p>\r\n\r\n\r\n\r\n<h3 class=\"wp-block-heading\">Retraits presque instantan\u00e9s<\/h3>\r\n\r\n\r\n\r\n<p>Le service PayPal est \u00e9galement rapide pour les retraits! Si vous vous servez r\u00e9guli\u00e8rement de votre compte bancaire, vous aurez peut-\u00eatre remarqu\u00e9 qu\u2019il faut parfois jusqu\u2019\u00e0 dix jours pour retirer les gains. En revanche, en utilisant PayPal, le processus est presque imm\u00e9diat! Pourtant, certains casinos ne traitent pas les transactions aussi rapidement. Cela varie selon le site, mais si vous souhaitez des informations plus claires, vous pourrez les trouver facilement parmi les conditions g\u00e9n\u00e9rales.<\/p>\r\n\r\n\r\n\r\n<h3 class=\"wp-block-heading\">100% gratuit<\/h3>\r\n\r\n\r\n\r\n<p>Si les transactions sont effectu\u00e9es avec votre monnaie nationale, le service PayPal est gratuit. D\u2019autres portefeuilles virtuels vous feront payer des frais pour faire des retraits, ce qui rend PayPal la meilleure option si vous voulez garder votre argent! Cependant, les autres moyens de paiement s\u2019accompagnent d\u2019autres avantages pour contrebalancer le prix en fonction de vos besoins.\u00a0<\/p>\r\n\r\n\r\n\r\n<h3 class=\"wp-block-heading\">Digne de sa r\u00e9putation<\/h3>\r\n\r\n\r\n\r\n<p>Il est normal de s\u2019inqui\u00e9ter pour la s\u00e9curit\u00e9 d\u2019un site ou un service que vous ne connaissez pas. Or voir le logo PayPal est un signe rassurant. PayPal jouit d\u2019une bonne r\u00e9putation, et pour la maintenir, la plateforme fait attention \u00e0 la s\u00e9lection de sites qui peuvent utiliser ses services, particuli\u00e8rement les marques des jeux d\u2019argent. Voir le logo PayPal sur un site de casino en ligne repr\u00e9sente donc un signe s\u00fbr qu\u2019il s\u2019agit d\u2019un site enti\u00e8rement autoris\u00e9 et l\u00e9gitime.<\/p>\r\n\r\n\r\n\r\n<h3 class=\"wp-block-heading\">Plateforme s\u00e9curis\u00e9e<\/h3>\r\n\r\n\r\n\r\n<p>Toutes les grandes plateformes de portefeuille virtuel poss\u00e8dent des syst\u00e8mes de s\u00e9curit\u00e9 sophistiqu\u00e9s et PayPal ne fait pas exception, utilisant des techniques de cryptage et des technologies anti-fraude pour garder vos donn\u00e9es personnelles. Il y a aussi un syst\u00e8me service client tr\u00e8s efficace avec un processus de r\u00e8glement de diff\u00e9rend d\u00e9di\u00e9 et un \u2018Centre de r\u00e9solution\u2019, donc vous pouvez tr\u00e8s facilement r\u00e9gler toute difficult\u00e9 \u00e9ventuelle sans probl\u00e8me. Toutes les transactions sont surveill\u00e9es pour \u00e9viter la fraude et le vol d\u2019identit\u00e9 et des vous recevrez des alertes si l\u2019on d\u00e9tecte de l\u2019activit\u00e9 \u2018suspecte\u2019 sur votre compte. Vous n\u2019\u00eates pas responsable des transactions non autoris\u00e9es et les devriez signaler imm\u00e9diatement.<\/p>\r\n\r\n\r\n\r\n<h3 class=\"wp-block-heading\">Offres de bienvenue disponibles<\/h3>\r\n\r\n\r\n\r\n<p>La plupart des casinos virtuels accueillent des clients avec des comptes PayPal et leurs offres bonus de bienvenue sont ouvertes aux clients de beaucoup de portefeuilles virtuels. Certains pr\u00e9f\u00e9reront peut-\u00eatre certaines m\u00e9thodes de paiement sp\u00e9cifiques en excluant PayPal, donc assurez-vous de bien contr\u00f4ler les conditions g\u00e9n\u00e9rales de l\u2019offre qui vous int\u00e9resse. Si les d\u00e9p\u00f4ts par PayPal sont exclus, il vaut la peine d\u2019utiliser un autre mode de paiement pour votre premi\u00e8re transaction et passer \u00e0 PayPal plus tard si cela vous convient.<\/p>\r\n","protected":false},"excerpt":{"rendered":"<p>Efficace et convenable C\u2019est la simplicit\u00e9 de PayPal qui attire ses clients. C\u2019est l\u2019une des options de paiement les plus faciles et rapides \u00e0 installer. En effet, c\u2019est comme un raccourci pour payer avec une carte de cr\u00e9dit ou de d\u00e9bit! En autorisant vos paiements par PayPal, vous \u00e9vitez de fournir vos d\u00e9tails bancaires, ce [&hellip;]<\/p>\n","protected":false},"author":10,"featured_media":0,"parent":0,"menu_order":0,"comment_status":"closed","ping_status":"closed","template":"page-category.php","meta":{"inline_featured_image":false,"footnotes":""},"post_mailing_queue_ids":[],"_links":{"self":[{"href":"\/fr\/wp-json\/wp\/v2\/pages\/1278"}],"collection":[{"href":"\/fr\/wp-json\/wp\/v2\/pages"}],"about":[{"href":"\/fr\/wp-json\/wp\/v2\/types\/page"}],"author":[{"embeddable":true,"href":"\/fr\/wp-json\/wp\/v2\/users\/10"}],"replies":[{"embeddable":true,"href":"\/fr\/wp-json\/wp\/v2\/comments?post=1278"}],"version-history":[{"count":1,"href":"\/fr\/wp-json\/wp\/v2\/pages\/1278\/revisions"}],"predecessor-version":[{"id":2914,"href":"\/fr\/wp-json\/wp\/v2\/pages\/1278\/revisions\/2914"}],"wp:attachment":[{"href":"\/fr\/wp-json\/wp\/v2\/media?parent=1278"}],"curies":[{"name":"wp","href":"https:\/\/api.w.org\/{rel}","templated":true}]}}