{"id":1223,"date":"2021-08-25T13:11:35","date_gmt":"2021-08-25T13:11:35","guid":{"rendered":"https:\/\/env1.canadascasinos.com\/?page_id=1223"},"modified":"2023-12-01T09:54:14","modified_gmt":"2023-12-01T09:54:14","slug":"casinos-mobiles","status":"publish","type":"page","link":"\/fr\/casinos-mobiles\/","title":{"rendered":"Casinos mobiles"},"content":{"rendered":"\r\n<p>Les jeux de casino sont fr\u00e9quemment con\u00e7us comme moyen de se d\u00e9tendre, et en plus de cela ils offrent l\u2019occasion de faire des gains significatifs. Apr\u00e8s une journ\u00e9e pass\u00e9e \u00e0 travailler assis au bureau, il fait parfois bon d\u2019enrichir son temps libre \u00e0 jouer depuis votre canap\u00e9, votre lit, o\u00f9 m\u00eame votre piscine, si vous \u00eates chanceux!<\/p>\r\n\r\n\r\n\r\n<p>En jouant aux <a href=\"\/fr\/guides\/quels-jeux-sont-disponibles-sur-les-casinos-en-ligne\/\">jeux de casino en ligne<\/a>, qu&rsquo;il s&rsquo;agisse des machines \u00e0 sous, du blackjack, du poker ou du bingo, les r\u00e8gles ne changent pas en fonction du dispositif personnel que vous utilisez. Jouer sur un casino mobile fonctionne pratiquement de la m\u00eame mani\u00e8re que sur un casino virtuel conventionnel. Les m\u00eames jeux seront disponibles sur le site, ainsi que l\u2019offre de bienvenue et le service client. La seule diff\u00e9rence est l\u2019appareil utilis\u00e9.<\/p>\r\n\r\n\r\n\r\n<p>De nos jours, avec des casinos qui offrent une exp\u00e9rience de haute qualit\u00e9 sur les dispositifs portables, de plus en plus de personnes jouent \u00e0 leurs jeux pr\u00e9f\u00e9r\u00e9s sur les t\u00e9l\u00e9phones et les tablettes, que vous le fassiez \u00e0 la maison ou pendant vos d\u00e9placements!<\/p>\r\n\r\n\r\n\r\n<p>En jouant sur les casinos mobiles, il est encore possible de r\u00e9clamer les offres de bienvenue et de faire des d\u00e9p\u00f4ts et des retraits. Certains casinos proposeront m\u00eame peut-\u00eatre des bonus sp\u00e9ciaux pour ceux qui s\u2019inscrivent en utilisant une application ou un dispositif mobile. Profitez de ces avantages additionnels si vous les voyez!<\/p>\r\n\r\n\r\n\r\n<h2 class=\"wp-block-heading\">Comment notons-nous les sites de casino mobiles?\u00a0<\/h2>\r\n\r\n\r\n\r\n<p>En plus de nos crit\u00e8res pour les casinos virtuels (tels que le service client et les <a href=\"\/fr\/offres-de-bienvenue\/\">offres bonus<\/a>), nous nous servons de quelques autres conditions pour faire notre liste des meilleurs casinos en ligne. Entre ces bases sont la coh\u00e9rence des sites ordinaires et mobiles, le temps de chargement, la gamme de jeux disponibles, l\u2019architecture du site et la convivialit\u00e9 de l\u2019exp\u00e9rience utilisateur.<\/p>\r\n\r\n\r\n\r\n<p>M\u00eame si un casino n\u2019a pas d\u2019application mobile, il est encore possible que le site re\u00e7oive une bonne note, si l\u2019architecture et la fonctionnalit\u00e9 du site s\u2019adaptent bien aux \u00e9crans plus petits.<\/p>\r\n\r\n\r\n\r\n<h2 class=\"wp-block-heading\">L\u2019\u00e9volution future des casinos<\/h2>\r\n\r\n\r\n\r\n<p>Aux temps jadis, pour vivre les \u00e9motions fortes du casino, vous auriez sans doute d\u00fb faire de tr\u00e8s longs parcours pour retrouver la salle de casino la plus proche. Mais gr\u00e2ce \u00e0 Internet, il est possible d\u2019acc\u00e9der aux casinos depuis les t\u00e9l\u00e9phones portables.<\/p>\r\n\r\n\r\n\r\n<p>Les jeux mobiles repr\u00e9sentent la prochaine \u00e9tape in\u00e9vitable dans l\u2019\u00e9volution du casino qui offre aux joueurs une nouvelle libert\u00e9 de choisir o\u00f9 jouer. Au d\u00e9but, le mat\u00e9riel graphique, le texte miniature et peu lisible et le chargement lent du site auraient sans doute pos\u00e9 probl\u00e8me, mais pas aujourd\u2019hui! Les logiciels des jeux ont v\u00e9cu un d\u00e9veloppement extr\u00eamement rapide, ce qui rend l\u2019exp\u00e9rience aussi satisfaisante que, et peut-\u00eatre pr\u00e9f\u00e9rable \u00e0, celle de l\u2019ordinateur de bureau.<\/p>\r\n\r\n\r\n\r\n<h2 class=\"wp-block-heading\">Navigateur vs application<\/h2>\r\n\r\n\r\n\r\n<p>Si un casino virtuel poss\u00e8de beaucoup de fonctionnalit\u00e9s dans le mode normal, ceux-ci ne se verront peut-\u00eatre pas dans la version mobile. Comme l\u2019accent est mis sur une exp\u00e9rience utilisateur simple et amusante, quelques casinos mobiles simplifient et rationalisent quelques \u00e9l\u00e9ments pour assurer la convivialit\u00e9 du site.<\/p>\r\n\r\n\r\n\r\n<p>Acc\u00e9der \u00e0 tous les jeux, mais depuis partout dans le monde! Amusez-vous bien en essayant cette nouvelle fa\u00e7on de jouer.<\/p>\r\n","protected":false},"excerpt":{"rendered":"<p>Les jeux de casino sont fr\u00e9quemment con\u00e7us comme moyen de se d\u00e9tendre, et en plus de cela ils offrent l\u2019occasion de faire des gains significatifs. Apr\u00e8s une journ\u00e9e pass\u00e9e \u00e0 travailler assis au bureau, il fait parfois bon d\u2019enrichir son temps libre \u00e0 jouer depuis votre canap\u00e9, votre lit, o\u00f9 m\u00eame votre piscine, si vous [&hellip;]<\/p>\n","protected":false},"author":10,"featured_media":0,"parent":0,"menu_order":0,"comment_status":"closed","ping_status":"closed","template":"page-category.php","meta":{"inline_featured_image":false,"footnotes":""},"post_mailing_queue_ids":[],"_links":{"self":[{"href":"\/fr\/wp-json\/wp\/v2\/pages\/1223"}],"collection":[{"href":"\/fr\/wp-json\/wp\/v2\/pages"}],"about":[{"href":"\/fr\/wp-json\/wp\/v2\/types\/page"}],"author":[{"embeddable":true,"href":"\/fr\/wp-json\/wp\/v2\/users\/10"}],"replies":[{"embeddable":true,"href":"\/fr\/wp-json\/wp\/v2\/comments?post=1223"}],"version-history":[{"count":1,"href":"\/fr\/wp-json\/wp\/v2\/pages\/1223\/revisions"}],"predecessor-version":[{"id":2973,"href":"\/fr\/wp-json\/wp\/v2\/pages\/1223\/revisions\/2973"}],"wp:attachment":[{"href":"\/fr\/wp-json\/wp\/v2\/media?parent=1223"}],"curies":[{"name":"wp","href":"https:\/\/api.w.org\/{rel}","templated":true}]}}