{"id":1034,"date":"2021-08-24T13:03:15","date_gmt":"2021-08-24T13:03:15","guid":{"rendered":"https:\/\/env1.canadascasinos.com\/?page_id=1034"},"modified":"2023-12-01T09:54:13","modified_gmt":"2023-12-01T09:54:13","slug":"casinos-sans-depot","status":"publish","type":"page","link":"\/fr\/casinos-sans-depot\/","title":{"rendered":"Casinos sans d\u00e9p\u00f4t"},"content":{"rendered":"\n<h2 class=\"wp-block-heading\"><strong>Qu\u2019est-ce qu\u2019un bonus sans d\u00e9p\u00f4t?<\/strong><\/h2>\n\n\n\n<p>La plupart des casinos en ligne offrent des bonus aux clients fid\u00e8les et aux nouveaux inscrits. D\u2019habitude, les joueurs doivent d\u00e9poser de l\u2019argent pour \u00ab activer \u00bb le bonus, ce qui veut dire que le bonus sera cr\u00e9dit\u00e9 sur votre compte.<\/p>\n\n\n\n<p>Cependant, cette page est d\u00e9di\u00e9e \u00e0 ces casinos rares et sp\u00e9ciaux qui offrent des bonus sans que vous deviez payer un seul dollar.<\/p>\n\n\n\n<p>Qui n\u2019aime pas jouer gratuitement? C\u2019est un avantage pour tout le monde, mais surtout pour les nouveaux inscrits ou les joueurs occasionnels, puisqu\u2019ils peuvent en profiter en utilisant le bonus gratuit pour faire de la pratique ou s\u2019habituer \u00e0 un jeu avant d\u2019engager de l\u2019argent.<\/p>\n\n\n\n<p>Les bonus sans d\u00e9p\u00f4t offrent \u00e0 tout le monde l\u2019occasion d\u2019essayer des jeux nouveaux ou diff\u00e9rents sans s\u2019inqui\u00e9ter du besoin de payer. C\u2019est une r\u00e9compense sans risque!<\/p>\n\n\n\n<p>Voici quelques informations \u00e0 consid\u00e9rer en recherchant les meilleures offres sans d\u00e9p\u00f4t.<\/p>\n\n\n\n<h2 class=\"wp-block-heading\"><strong>Comment obtenir un bonus sans d\u00e9p\u00f4t<\/strong><\/h2>\n\n\n\n<p>Souvent, vous trouverez des bonus sans d\u00e9p\u00f4t promus comme <a href=\"\/fr\/offres-de-bienvenue\">offre de bienvenue<\/a> pour les nouveaux inscrits. Exactement comme les casinos ci-dessous, ils offrent d\u2019habitude des tours gratuits ou de l\u2019argent bonus le moment que vous vous inscrivez sur le site, ce qui est gratuit. Ceux-ci seront automatiquement cr\u00e9dit\u00e9s sur votre compte suite \u00e0 l\u2019inscription, mais v\u00e9rifiez la publicit\u00e9 car il est parfois n\u00e9cessaire de saisir un code bonus.<\/p>\n\n\n\n<h2 class=\"wp-block-heading\"><strong>Peut-on gagner de l\u2019argent r\u00e9el sur les machines \u00e0 sous sans d\u00e9p\u00f4t?<\/strong><\/h2>\n\n\n\n<p>Oui, bien s\u00fbr! Les machines \u00e0 sous en ligne fonctionnent exactement de la m\u00eame mani\u00e8re, que vous utilisiez un bonus ou votre propre argent. Tous vos gains sont r\u00e9els!<\/p>\n\n\n\n<p>Pourtant, il peut s\u2019av\u00e9rer difficile de transformer ces gains en grands chiffres. Les jeux s\u2019accompagneront peut-\u00eatre d\u2019exigences de mise \u00e9lev\u00e9es ou des gains plafonn\u00e9s. Avec une quantit\u00e9 limit\u00e9e de tours gratuits ou d\u2019argent bonus disponible, il peut \u00eatre difficile de remporter un prix significatif. Or, les machines \u00e0 sous sont enti\u00e8rement bas\u00e9es sur la chance, donc il est impossible de pr\u00e9dire ce qui se passera au prochain!<\/p>\n\n\n\n<p>Si vous finissez par gagner de l\u2019argent en utilisant votre bonus ou vos tours gratuits, le casino aura peut-\u00eatre le droit de d\u00e9terminer comment vous l\u2019utilisez. Les d\u00e9tails seront disponibles parmi les conditions g\u00e9n\u00e9rales du site. Certains sites vous permettront de retirer les gains imm\u00e9diatement, pendant que d\u2019autres casinos insisteront sur la n\u00e9cessit\u00e9 de parier les gains de nouveau sur leurs jeux .<\/p>\n\n\n\n<p>Mais ce n\u2019est pas grave si vous ne gagnez pas de grandes sommes d\u2019argent! Apr\u00e8s tout, vous n\u2019aurez pas perdu de l\u2019argent et vous vous serez amus\u00e9 en jouant.<\/p>\n\n\n\n<h2 class=\"wp-block-heading\"><strong>Y a-t-il des restrictions?<\/strong><\/h2>\n\n\n\n<p>Pour la plupart, les offres sans d\u00e9p\u00f4t s\u2019accompagnent de conditions. Par exemple, les bonus ne seront peut-\u00eatre valides que pendant une p\u00e9riode sp\u00e9cifique, et une fois utilis\u00e9s, vous devrez payer pour continuer de jouer. De plus, il se peut que vous ne puissiez utiliser les tours gratuits que sur un ou deux jeux particuliers.<\/p>\n\n\n\n<h2 class=\"wp-block-heading\"><strong>Faut-il saisir les d\u00e9tails de paiement pour jouer en profitant du bonus sans d\u00e9p\u00f4t?<\/strong><\/h2>\n\n\n\n<p>Bien qu\u2019utiliser un bonus sans d\u00e9p\u00f4t le rende gratuit de jouer aux jeux, vous devrez peut-\u00eatre saisir vos informations de paiement avant de r\u00e9clamer le bonus et commencer \u00e0 jouer. Lors de vous inscrire sur le site, il sera souvent n\u00e9cessaire de fournir un moyen de paiement, que ce soit votre carte de d\u00e9bit, PayPal ou Interac, pour v\u00e9rifier votre compte et pouvoir profiter des tours gratuits ou de l\u2019offre de bienvenue.<\/p>\n\n\n\n<p>Calmez-vous : aucune somme ne sera d\u00e9duite de votre compte sans votre consentement explicite. Le casino vous demandera d\u2019autoriser les paiements avant de commencer \u00e0 jouer avec votre propre argent.<\/p>\n\n\n\n<p>Il existe des casinos en ligne qui vous permettent de payer sans devoir saisir des d\u00e9tails de paiement, mais ils auront probablement besoin d\u2019une autre forme de v\u00e9rification, telles qu\u2019une adresse mail ou un num\u00e9ro de t\u00e9l\u00e9phone mobile, pour qu\u2019ils puissent envoyer une code de v\u00e9rification afin de compl\u00e9ter le processus d\u2019inscription.<\/p>\n\n\n\n<p>Assurez-vous de lire les conditions de l\u2019offre de chaque casino pour en apprendre plus.<\/p>\n","protected":false},"excerpt":{"rendered":"<p>Qu\u2019est-ce qu\u2019un bonus sans d\u00e9p\u00f4t? La plupart des casinos en ligne offrent des bonus aux clients fid\u00e8les et aux nouveaux inscrits. D\u2019habitude, les joueurs doivent d\u00e9poser de l\u2019argent pour \u00ab activer \u00bb le bonus, ce qui veut dire que le bonus sera cr\u00e9dit\u00e9 sur votre compte. Cependant, cette page est d\u00e9di\u00e9e \u00e0 ces casinos rares [&hellip;]<\/p>\n","protected":false},"author":9,"featured_media":0,"parent":0,"menu_order":0,"comment_status":"closed","ping_status":"closed","template":"page-category.php","meta":{"inline_featured_image":false,"footnotes":""},"post_mailing_queue_ids":[],"_links":{"self":[{"href":"\/fr\/wp-json\/wp\/v2\/pages\/1034"}],"collection":[{"href":"\/fr\/wp-json\/wp\/v2\/pages"}],"about":[{"href":"\/fr\/wp-json\/wp\/v2\/types\/page"}],"author":[{"embeddable":true,"href":"\/fr\/wp-json\/wp\/v2\/users\/9"}],"replies":[{"embeddable":true,"href":"\/fr\/wp-json\/wp\/v2\/comments?post=1034"}],"version-history":[{"count":1,"href":"\/fr\/wp-json\/wp\/v2\/pages\/1034\/revisions"}],"predecessor-version":[{"id":2971,"href":"\/fr\/wp-json\/wp\/v2\/pages\/1034\/revisions\/2971"}],"wp:attachment":[{"href":"\/fr\/wp-json\/wp\/v2\/media?parent=1034"}],"curies":[{"name":"wp","href":"https:\/\/api.w.org\/{rel}","templated":true}]}}